{"id":16697,"date":"2021-05-24T02:38:36","date_gmt":"2021-05-24T02:38:36","guid":{"rendered":"https:\/\/ams-ai.com\/cluj-napoca\/"},"modified":"2025-05-26T06:22:44","modified_gmt":"2025-05-26T06:22:44","slug":"recrutare-it-cluj-napoca","status":"publish","type":"page","link":"https:\/\/ams-ai.com\/ro\/recrutare-it-cluj-napoca\/","title":{"rendered":"Recrutare IT Cluj"},"content":{"rendered":"\t\t<div data-elementor-type=\"wp-page\" data-elementor-id=\"16697\" class=\"elementor elementor-16697\" data-elementor-post-type=\"page\">\n\t\t\t\t\t\t<section class=\"elementor-section elementor-top-section elementor-element elementor-element-2c82c2fb elementor-section-content-middle elementor-reverse-tablet elementor-reverse-mobile elementor-section-boxed elementor-section-height-default elementor-section-height-default\" data-id=\"2c82c2fb\" data-element_type=\"section\">\n\t\t\t\t\t\t<div class=\"elementor-container elementor-column-gap-extended\">\n\t\t\t\t\t<div class=\"elementor-column elementor-col-50 elementor-top-column elementor-element elementor-element-2fbd3c9 ot-column-items-top ot-flex-column-vertical\" data-id=\"2fbd3c9\" data-element_type=\"column\">\n\t\t\t<div class=\"elementor-widget-wrap elementor-element-populated\">\n\t\t\t\t\t\t<section class=\"elementor-section elementor-inner-section elementor-element elementor-element-1ddd3e42 elementor-section-full_width elementor-section-height-default elementor-section-height-default\" data-id=\"1ddd3e42\" data-element_type=\"section\" data-settings=\"{&quot;background_background&quot;:&quot;gradient&quot;}\">\n\t\t\t\t\t\t<div class=\"elementor-container elementor-column-gap-no\">\n\t\t\t\t\t<div class=\"elementor-column elementor-col-100 elementor-inner-column elementor-element elementor-element-6c236725 ot-flex-column-vertical\" data-id=\"6c236725\" data-element_type=\"column\">\n\t\t\t<div class=\"elementor-widget-wrap elementor-element-populated\">\n\t\t\t\t\t\t<div class=\"elementor-element elementor-element-16dfca0e elementor-widget elementor-widget-iheading\" data-id=\"16dfca0e\" data-element_type=\"widget\" data-widget_type=\"iheading.default\">\n\t\t\t\t<div class=\"elementor-widget-container\">\n\t\t\t\t\t\t\t<div class=\"ot-heading -align text-light\">\r\n\t\t\t\r\n\t\t\t\t\r\n\r\n\t        \t            <h6 class=\"sub-heading\"><span>DETALII DE CONTACT<\/span><\/h6>\r\n\t         \r\n\r\n\t        \t        \t<h2 class=\"main-heading\">Agentie de recrutare IT \u00een Cluj-Napoca<\/h2>\r\n\t        \t    <\/div>\r\n\t    \t\t\t\t<\/div>\n\t\t\t\t<\/div>\n\t\t\t\t<div class=\"elementor-element elementor-element-34ad8bce elementor-widget elementor-widget-text-editor\" data-id=\"34ad8bce\" data-element_type=\"widget\" data-widget_type=\"text-editor.default\">\n\t\t\t\t<div class=\"elementor-widget-container\">\n\t\t\t\t\t\t\t\t\t<p class=\"lead\">Cu o experien\u021b\u0103 de peste +16 ani in proiecte locale, regionale si nationale, compania noastr\u0103 ofera servicii de recrutare IT \u00een Cluj Napoca.<\/p>\t\t\t\t\t\t\t\t<\/div>\n\t\t\t\t<\/div>\n\t\t\t\t<div class=\"elementor-element elementor-element-7b9eba76 elementor-widget elementor-widget-icontact_info\" data-id=\"7b9eba76\" data-element_type=\"widget\" data-widget_type=\"icontact_info.default\">\n\t\t\t\t<div class=\"elementor-widget-container\">\n\t\t\t\t\t\t\t\t\t\t    \t<div class=\"contact-info text-light\">\r\n\t\t    \t\t\r\n\t\t\t\t    \t\t\t        <i class=\"flaticon-world\"><\/i>\t\t\t        <div class=\"info-text\">\r\n\t\t\t        \t<h6>ADRESA:<\/h6>\r\n\t\t\t        \t<p>Str. Dostoievski nr. 26-28, Cluj-Napoca 400424<\/p>\r\n\t\t\t        <\/div>\r\n\t\t\t    <\/div>\r\n\t\t    \t    \t\t\t\t<\/div>\n\t\t\t\t<\/div>\n\t\t\t\t<div class=\"elementor-element elementor-element-362a1455 elementor-widget elementor-widget-icontact_info\" data-id=\"362a1455\" data-element_type=\"widget\" data-widget_type=\"icontact_info.default\">\n\t\t\t\t<div class=\"elementor-widget-container\">\n\t\t\t\t\t\t\t\t\t\t    \t<div class=\"contact-info text-light\">\r\n\t\t    \t\t\r\n\t\t\t\t    \t\t\t        <i class=\"flaticon-note\"><\/i>\t\t\t        <div class=\"info-text\">\r\n\t\t\t        \t<h6>E-MAIL:<\/h6>\r\n\t\t\t        \t<p><a href=\"mailto:radu@ams-ai.com \">radu@ams-ai.com<\/a><\/p>\r\n\t\t\t        <\/div>\r\n\t\t\t    <\/div>\r\n\t\t    \t    \t\t\t\t<\/div>\n\t\t\t\t<\/div>\n\t\t\t\t<div class=\"elementor-element elementor-element-2d6b82b6 elementor-widget elementor-widget-icontact_info\" data-id=\"2d6b82b6\" data-element_type=\"widget\" data-widget_type=\"icontact_info.default\">\n\t\t\t\t<div class=\"elementor-widget-container\">\n\t\t\t\t\t\t\t\t\t\t    \t<div class=\"contact-info text-light\">\r\n\t\t    \t\t\r\n\t\t\t\t    \t\t\t        <i class=\"flaticon-viber\"><\/i>\t\t\t        <div class=\"info-text\">\r\n\t\t\t        \t<h6>TELEFON:<\/h6>\r\n\t\t\t        \t<p><a href=\"tel:+40-723-610-450\">+40-723-610-450<\/a><\/p>\r\n\t\t\t        <\/div>\r\n\t\t\t    <\/div>\r\n\t\t    \t    \t\t\t\t<\/div>\n\t\t\t\t<\/div>\n\t\t\t\t\t<\/div>\n\t\t<\/div>\n\t\t\t\t\t<\/div>\n\t\t<\/section>\n\t\t\t\t\t<\/div>\n\t\t<\/div>\n\t\t\t\t<div class=\"elementor-column elementor-col-50 elementor-top-column elementor-element elementor-element-2564cba1 ot-column-items-top ot-flex-column-vertical\" data-id=\"2564cba1\" data-element_type=\"column\">\n\t\t\t<div class=\"elementor-widget-wrap elementor-element-populated\">\n\t\t\t\t\t\t<div class=\"elementor-element elementor-element-b5d7338 elementor-widget elementor-widget-text-editor\" data-id=\"b5d7338\" data-element_type=\"widget\" data-widget_type=\"text-editor.default\">\n\t\t\t\t<div class=\"elementor-widget-container\">\n\t\t\t\t\t\t\t\t\t<script type=\"text\/javascript\" src=\"https:\/\/form.jotform.com\/jsform\/250932908071356\"><\/script>\t\t\t\t\t\t\t\t<\/div>\n\t\t\t\t<\/div>\n\t\t\t\t\t<\/div>\n\t\t<\/div>\n\t\t\t\t\t<\/div>\n\t\t<\/section>\n\t\t\t\t<section class=\"elementor-section elementor-top-section elementor-element elementor-element-12088320 elementor-section-full_width elementor-section-height-default elementor-section-height-default\" data-id=\"12088320\" data-element_type=\"section\">\n\t\t\t\t\t\t<div class=\"elementor-container elementor-column-gap-no\">\n\t\t\t\t\t<div class=\"elementor-column elementor-col-100 elementor-top-column elementor-element elementor-element-70e24b1 ot-flex-column-vertical\" data-id=\"70e24b1\" data-element_type=\"column\">\n\t\t\t<div class=\"elementor-widget-wrap elementor-element-populated\">\n\t\t\t\t\t\t<div class=\"elementor-element elementor-element-1179b52d elementor-widget elementor-widget-google_maps\" data-id=\"1179b52d\" data-element_type=\"widget\" data-widget_type=\"google_maps.default\">\n\t\t\t\t<div class=\"elementor-widget-container\">\n\t\t\t\t\t\t\t<div class=\"elementor-custom-embed\">\n\t\t\t<iframe loading=\"lazy\"\n\t\t\t\t\tsrc=\"https:\/\/maps.google.com\/maps?q=Str.%20Dostoievski%20nr.%2026-28%2C%20Cluj-Napoca%20400424&#038;t=m&#038;z=18&#038;output=embed&#038;iwloc=near\"\n\t\t\t\t\ttitle=\"Str. Dostoievski nr. 26-28, Cluj-Napoca 400424\"\n\t\t\t\t\taria-label=\"Str. Dostoievski nr. 26-28, Cluj-Napoca 400424\"\n\t\t\t><\/iframe>\n\t\t<\/div>\n\t\t\t\t\t\t<\/div>\n\t\t\t\t<\/div>\n\t\t\t\t\t<\/div>\n\t\t<\/div>\n\t\t\t\t\t<\/div>\n\t\t<\/section>\n\t\t\t\t<\/div>\n\t\t","protected":false},"excerpt":{"rendered":"<p>DETALII DE CONTACT Agentie de recrutare IT \u00een Cluj-Napoca Cu o experien\u021b\u0103 de peste +16 ani in proiecte locale, regionale si nationale, compania noastr\u0103 ofera servicii de recrutare IT \u00een Cluj Napoca. ADRESA: Str. Dostoievski nr. 26-28, Cluj-Napoca 400424 E-MAIL: radu@ams-ai.com TELEFON: +40-723-610-450<\/p>\n","protected":false},"author":1,"featured_media":0,"parent":0,"menu_order":0,"comment_status":"closed","ping_status":"closed","template":"","meta":{"om_disable_all_campaigns":false,"iawp_total_views":67,"footnotes":""},"class_list":["post-16697","page","type-page","status-publish","hentry"],"aioseo_notices":[],"yoast_head":"<!-- This site is optimized with the Yoast SEO plugin v24.8.1 - https:\/\/yoast.com\/wordpress\/plugins\/seo\/ -->\n<title>Servicii Recrutare IT in Cluj-Napoca - AMS<\/title>\n<meta name=\"description\" content=\"Experienta de peste 14 ani in proiecte locale, regionale si nationale ? Oferim servicii avansate de recrutare personal in Cluj Napoca.\" \/>\n<meta name=\"robots\" content=\"index, follow, max-snippet:-1, max-image-preview:large, max-video-preview:-1\" \/>\n<link rel=\"canonical\" href=\"https:\/\/ams-ai.com\/ro\/recrutare-it-cluj-napoca\/\" \/>\n<meta property=\"og:locale\" content=\"ro_RO\" \/>\n<meta property=\"og:type\" content=\"article\" \/>\n<meta property=\"og:title\" content=\"Servicii Recrutare IT in Cluj-Napoca - AMS\" \/>\n<meta property=\"og:description\" content=\"Experienta de peste 14 ani in proiecte locale, regionale si nationale ? Oferim servicii avansate de recrutare personal in Cluj Napoca.\" \/>\n<meta property=\"og:url\" content=\"https:\/\/ams-ai.com\/ro\/recrutare-it-cluj-napoca\/\" \/>\n<meta property=\"og:site_name\" content=\"AMS\" \/>\n<meta property=\"article:modified_time\" content=\"2025-05-26T06:22:44+00:00\" \/>\n<meta name=\"twitter:card\" content=\"summary_large_image\" \/>\n<meta name=\"twitter:label1\" content=\"Timp estimat pentru citire\" \/>\n\t<meta name=\"twitter:data1\" content=\"1 minut\" \/>\n<script type=\"application\/ld+json\" class=\"yoast-schema-graph\">{\"@context\":\"https:\/\/schema.org\",\"@graph\":[{\"@type\":\"WebPage\",\"@id\":\"https:\/\/ams-ai.com\/ro\/recrutare-it-cluj-napoca\/\",\"url\":\"https:\/\/ams-ai.com\/ro\/recrutare-it-cluj-napoca\/\",\"name\":\"Servicii Recrutare IT in Cluj-Napoca - AMS\",\"isPartOf\":{\"@id\":\"https:\/\/ams-ai.com\/ro\/#website\"},\"datePublished\":\"2021-05-24T02:38:36+00:00\",\"dateModified\":\"2025-05-26T06:22:44+00:00\",\"description\":\"Experienta de peste 14 ani in proiecte locale, regionale si nationale ? Oferim servicii avansate de recrutare personal in Cluj Napoca.\",\"breadcrumb\":{\"@id\":\"https:\/\/ams-ai.com\/ro\/recrutare-it-cluj-napoca\/#breadcrumb\"},\"inLanguage\":\"ro-RO\",\"potentialAction\":[{\"@type\":\"ReadAction\",\"target\":[\"https:\/\/ams-ai.com\/ro\/recrutare-it-cluj-napoca\/\"]}]},{\"@type\":\"BreadcrumbList\",\"@id\":\"https:\/\/ams-ai.com\/ro\/recrutare-it-cluj-napoca\/#breadcrumb\",\"itemListElement\":[{\"@type\":\"ListItem\",\"position\":1,\"name\":\"Home\",\"item\":\"https:\/\/ams-ai.com\/ro\/\"},{\"@type\":\"ListItem\",\"position\":2,\"name\":\"Recrutare IT Cluj\"}]},{\"@type\":\"WebSite\",\"@id\":\"https:\/\/ams-ai.com\/ro\/#website\",\"url\":\"https:\/\/ams-ai.com\/ro\/\",\"name\":\"AMS\",\"description\":\"Accelerate IT\",\"potentialAction\":[{\"@type\":\"SearchAction\",\"target\":{\"@type\":\"EntryPoint\",\"urlTemplate\":\"https:\/\/ams-ai.com\/ro\/?s={search_term_string}\"},\"query-input\":{\"@type\":\"PropertyValueSpecification\",\"valueRequired\":true,\"valueName\":\"search_term_string\"}}],\"inLanguage\":\"ro-RO\"}]}<\/script>\n<!-- \/ Yoast SEO plugin. -->","yoast_head_json":{"title":"Servicii Recrutare IT in Cluj-Napoca - AMS","description":"Experienta de peste 14 ani in proiecte locale, regionale si nationale ? Oferim servicii avansate de recrutare personal in Cluj Napoca.","robots":{"index":"index","follow":"follow","max-snippet":"max-snippet:-1","max-image-preview":"max-image-preview:large","max-video-preview":"max-video-preview:-1"},"canonical":"https:\/\/ams-ai.com\/ro\/recrutare-it-cluj-napoca\/","og_locale":"ro_RO","og_type":"article","og_title":"Servicii Recrutare IT in Cluj-Napoca - AMS","og_description":"Experienta de peste 14 ani in proiecte locale, regionale si nationale ? Oferim servicii avansate de recrutare personal in Cluj Napoca.","og_url":"https:\/\/ams-ai.com\/ro\/recrutare-it-cluj-napoca\/","og_site_name":"AMS","article_modified_time":"2025-05-26T06:22:44+00:00","twitter_card":"summary_large_image","twitter_misc":{"Timp estimat pentru citire":"1 minut"},"schema":{"@context":"https:\/\/schema.org","@graph":[{"@type":"WebPage","@id":"https:\/\/ams-ai.com\/ro\/recrutare-it-cluj-napoca\/","url":"https:\/\/ams-ai.com\/ro\/recrutare-it-cluj-napoca\/","name":"Servicii Recrutare IT in Cluj-Napoca - AMS","isPartOf":{"@id":"https:\/\/ams-ai.com\/ro\/#website"},"datePublished":"2021-05-24T02:38:36+00:00","dateModified":"2025-05-26T06:22:44+00:00","description":"Experienta de peste 14 ani in proiecte locale, regionale si nationale ? Oferim servicii avansate de recrutare personal in Cluj Napoca.","breadcrumb":{"@id":"https:\/\/ams-ai.com\/ro\/recrutare-it-cluj-napoca\/#breadcrumb"},"inLanguage":"ro-RO","potentialAction":[{"@type":"ReadAction","target":["https:\/\/ams-ai.com\/ro\/recrutare-it-cluj-napoca\/"]}]},{"@type":"BreadcrumbList","@id":"https:\/\/ams-ai.com\/ro\/recrutare-it-cluj-napoca\/#breadcrumb","itemListElement":[{"@type":"ListItem","position":1,"name":"Home","item":"https:\/\/ams-ai.com\/ro\/"},{"@type":"ListItem","position":2,"name":"Recrutare IT Cluj"}]},{"@type":"WebSite","@id":"https:\/\/ams-ai.com\/ro\/#website","url":"https:\/\/ams-ai.com\/ro\/","name":"AMS","description":"Accelerate IT","potentialAction":[{"@type":"SearchAction","target":{"@type":"EntryPoint","urlTemplate":"https:\/\/ams-ai.com\/ro\/?s={search_term_string}"},"query-input":{"@type":"PropertyValueSpecification","valueRequired":true,"valueName":"search_term_string"}}],"inLanguage":"ro-RO"}]}},"_links":{"self":[{"href":"https:\/\/ams-ai.com\/ro\/wp-json\/wp\/v2\/pages\/16697","targetHints":{"allow":["GET"]}}],"collection":[{"href":"https:\/\/ams-ai.com\/ro\/wp-json\/wp\/v2\/pages"}],"about":[{"href":"https:\/\/ams-ai.com\/ro\/wp-json\/wp\/v2\/types\/page"}],"author":[{"embeddable":true,"href":"https:\/\/ams-ai.com\/ro\/wp-json\/wp\/v2\/users\/1"}],"replies":[{"embeddable":true,"href":"https:\/\/ams-ai.com\/ro\/wp-json\/wp\/v2\/comments?post=16697"}],"version-history":[{"count":5,"href":"https:\/\/ams-ai.com\/ro\/wp-json\/wp\/v2\/pages\/16697\/revisions"}],"predecessor-version":[{"id":19555,"href":"https:\/\/ams-ai.com\/ro\/wp-json\/wp\/v2\/pages\/16697\/revisions\/19555"}],"wp:attachment":[{"href":"https:\/\/ams-ai.com\/ro\/wp-json\/wp\/v2\/media?parent=16697"}],"curies":[{"name":"wp","href":"https:\/\/api.w.org\/{rel}","templated":true}]}}